{"id":4098,"date":"2018-01-31T16:24:12","date_gmt":"2018-01-31T14:24:12","guid":{"rendered":"https:\/\/liisulilled.ee\/tellimine\/"},"modified":"2020-06-08T15:52:54","modified_gmt":"2020-06-08T12:52:54","slug":"tellimine","status":"publish","type":"page","link":"https:\/\/liisulilled.ee\/en\/tellimine\/","title":{"rendered":"Ordering"},"content":{"rendered":"<p style=\"text-align: center;\">Trust our wonderful Florists and order from here!<\/p>\n\n<div class=\"wpcf7 no-js\" id=\"wpcf7-f4249-o1\" lang=\"et\" dir=\"ltr\" data-wpcf7-id=\"4249\">\n<div class=\"screen-reader-response\"><p role=\"status\" aria-live=\"polite\" aria-atomic=\"true\"><\/p> <ul><\/ul><\/div>\n<form action=\"\/en\/wp-json\/wp\/v2\/pages\/4098#wpcf7-f4249-o1\" method=\"post\" class=\"wpcf7-form init wpcf7-acceptance-as-validation\" aria-label=\"Contact form\" novalidate=\"novalidate\" data-status=\"init\">\n<fieldset class=\"hidden-fields-container\"><input type=\"hidden\" name=\"_wpcf7\" value=\"4249\" \/><input type=\"hidden\" name=\"_wpcf7_version\" value=\"6.1.5\" \/><input type=\"hidden\" name=\"_wpcf7_locale\" value=\"et\" \/><input type=\"hidden\" name=\"_wpcf7_unit_tag\" value=\"wpcf7-f4249-o1\" \/><input type=\"hidden\" name=\"_wpcf7_container_post\" value=\"0\" \/><input type=\"hidden\" name=\"_wpcf7_posted_data_hash\" value=\"\" \/><input type=\"hidden\" name=\"_wpcf7cf_hidden_group_fields\" value=\"[]\" \/><input type=\"hidden\" name=\"_wpcf7cf_hidden_groups\" value=\"[]\" \/><input type=\"hidden\" name=\"_wpcf7cf_visible_groups\" value=\"[]\" \/><input type=\"hidden\" name=\"_wpcf7cf_repeaters\" value=\"[]\" \/><input type=\"hidden\" name=\"_wpcf7cf_steps\" value=\"{}\" \/><input type=\"hidden\" name=\"_wpcf7cf_options\" value=\"{&quot;form_id&quot;:4249,&quot;conditions&quot;:[{&quot;then_field&quot;:&quot;saaja-andmed&quot;,&quot;and_rules&quot;:[{&quot;if_field&quot;:&quot;menu-transport&quot;,&quot;operator&quot;:&quot;not equals&quot;,&quot;if_value&quot;:&quot;Pick up from the store (0\\u20ac)&quot;}]},{&quot;then_field&quot;:&quot;message&quot;,&quot;and_rules&quot;:[{&quot;if_field&quot;:&quot;checkbox-onnitluskaart&quot;,&quot;operator&quot;:&quot;not equals&quot;,&quot;if_value&quot;:&quot;&quot;}]}],&quot;settings&quot;:{&quot;animation&quot;:&quot;yes&quot;,&quot;animation_intime&quot;:200,&quot;animation_outtime&quot;:200,&quot;conditions_ui&quot;:&quot;normal&quot;,&quot;notice_dismissed&quot;:false,&quot;notice_dismissed_rollback-cf7-5.3.2&quot;:true,&quot;notice_dismissed_rollback-cf7-5.4&quot;:true,&quot;notice_dismissed_rollback-cf7-5.8&quot;:true,&quot;notice_dismissed_rollback-cf7-5.8.3&quot;:true}}\" \/><input type=\"hidden\" name=\"_wpcf7dtx_version\" value=\"5.0.5\" \/><input type=\"hidden\" name=\"_wpcf7_recaptcha_response\" value=\"\" \/>\n<\/fieldset>\n<div class=\"form-field-section\">\n\t<h3>1. Customers details\n\t<\/h3>\n\t<div class=\"row\">\n\t\t<div class=\"col-sm-6\">\n\t\t\t<p><label>Sum<\/label><br \/>\n<span class=\"wpcf7-form-control-wrap\" data-name=\"menu-summa\"><select class=\"wpcf7-form-control wpcf7-select wpcf7-validates-as-required\" id=\"menu-summa\" aria-required=\"true\" aria-invalid=\"false\" name=\"menu-summa\"><option value=\"\">\u2014 Vali \u2014<\/option><option value=\"15 \u20ac\">15 \u20ac<\/option><option value=\"20 \u20ac\">20 \u20ac<\/option><option value=\"25 \u20ac\">25 \u20ac<\/option><option value=\"30 \u20ac\">30 \u20ac<\/option><option value=\"35 \u20ac\">35 \u20ac<\/option><option value=\"40 \u20ac\">40 \u20ac<\/option><option value=\"45 \u20ac\">45 \u20ac<\/option><option value=\"50 \u20ac\">50 \u20ac<\/option><option value=\"55 \u20ac\">55 \u20ac<\/option><option value=\"60 \u20ac\">60 \u20ac<\/option><option value=\"65 \u20ac\">65 \u20ac<\/option><option value=\"70 \u20ac\">70 \u20ac<\/option><option value=\"75 \u20ac\">75 \u20ac<\/option><option value=\"80 \u20ac\">80 \u20ac<\/option><option value=\"85 \u20ac\">85 \u20ac<\/option><option value=\"90 \u20ac\">90 \u20ac<\/option><option value=\"95 \u20ac\">95 \u20ac<\/option><option value=\"100 \u20ac\">100 \u20ac<\/option><option value=\"110 \u20ac\">110 \u20ac<\/option><option value=\"120 \u20ac\">120 \u20ac<\/option><option value=\"130 \u20ac\">130 \u20ac<\/option><option value=\"140 \u20ac\">140 \u20ac<\/option><option value=\"150 \u20ac\">150 \u20ac<\/option><option value=\"160 \u20ac\">160 \u20ac<\/option><option value=\"170 \u20ac\">170 \u20ac<\/option><option value=\"180 \u20ac\">180 \u20ac<\/option><option value=\"190 \u20ac\">190 \u20ac<\/option><option value=\"200 \u20ac\">200 \u20ac<\/option><option value=\"250 \u20ac\">250 \u20ac<\/option><option value=\"300 \u20ac\">300 \u20ac<\/option><option value=\"350 \u20ac\">350 \u20ac<\/option><option value=\"400 \u20ac\">400 \u20ac<\/option><option value=\"450 \u20ac\">450 \u20ac<\/option><option value=\"500 \u20ac\">500 \u20ac<\/option><option value=\"600 \u20ac\">600 \u20ac<\/option><\/select><\/span>\n\t\t\t<\/p>\n\t\t\t<p><label>To whom<\/label><br \/>\n<span class=\"wpcf7-form-control-wrap\" data-name=\"menu-sihtruhm\"><select class=\"wpcf7-form-control wpcf7-select wpcf7-validates-as-required\" id=\"menu-sihtruhm\" aria-required=\"true\" aria-invalid=\"false\" name=\"menu-sihtruhm\"><option value=\"\">\u2014 Vali \u2014<\/option><option value=\"Man\">Man<\/option><option value=\"Woman\">Woman<\/option><option value=\"Boy\">Boy<\/option><option value=\"Girl\">Girl<\/option><\/select><\/span>\n\t\t\t<\/p>\n\t\t\t<p><label>Event<\/label><br \/>\n<span class=\"wpcf7-form-control-wrap\" data-name=\"menu-sundmus\"><select class=\"wpcf7-form-control wpcf7-select wpcf7-validates-as-required\" id=\"menu-sundmus\" aria-required=\"true\" aria-invalid=\"false\" name=\"menu-sundmus\"><option value=\"\">\u2014 Vali \u2014<\/option><option value=\"Birthday\">Birthday<\/option><option value=\"Wedding\/ Anniversary\">Wedding\/ Anniversary<\/option><option value=\"Greetings\">Greetings<\/option><option value=\"Birth Of a Baby Boy\">Birth Of a Baby Boy<\/option><option value=\"Birth Of a Baby Girl\">Birth Of a Baby Girl<\/option><option value=\"Sympathy\">Sympathy<\/option><option value=\"Other\">Other<\/option><\/select><\/span>\n\t\t\t<\/p>\n\t\t<\/div>\n\t\t<div class=\"col-sm-6\">\n\t\t\t<p><label>Your name<\/label><br \/>\n<span class=\"wpcf7-form-control-wrap\" data-name=\"text-tellijanimi\"><input size=\"40\" maxlength=\"400\" class=\"wpcf7-form-control wpcf7-text wpcf7-validates-as-required\" aria-required=\"true\" aria-invalid=\"false\" value=\"\" type=\"text\" name=\"text-tellijanimi\" \/><\/span>\n\t\t\t<\/p>\n\t\t\t<p><label>Your e-mail<\/label><br \/>\n<span class=\"wpcf7-form-control-wrap\" data-name=\"email-telliaepost\"><input size=\"40\" maxlength=\"400\" class=\"wpcf7-form-control wpcf7-email wpcf7-validates-as-required wpcf7-text wpcf7-validates-as-email\" aria-required=\"true\" aria-invalid=\"false\" value=\"\" type=\"email\" name=\"email-telliaepost\" \/><\/span>\n\t\t\t<\/p>\n\t\t\t<p><label>Your phone<\/label><br \/>\n<span class=\"wpcf7-form-control-wrap\" data-name=\"tel-telliatelefon\"><input size=\"40\" maxlength=\"400\" class=\"wpcf7-form-control wpcf7-tel wpcf7-validates-as-required wpcf7-text wpcf7-validates-as-tel\" aria-required=\"true\" aria-invalid=\"false\" value=\"\" type=\"tel\" name=\"tel-telliatelefon\" \/><\/span>\n\t\t\t<\/p>\n\t\t<\/div>\n\t<\/div>\n\t<div class=\"row\">\n\t\t<div class=\"col-sm-12\">\n\t\t\t<p><span class=\"wpcf7-form-control-wrap\" data-name=\"checkbox-anonuumsus\"><span class=\"wpcf7-form-control wpcf7-checkbox inside\"><span class=\"wpcf7-list-item first last\"><input type=\"checkbox\" name=\"checkbox-anonuumsus[]\" value=\"I want to remain anonymous\" \/><span class=\"wpcf7-list-item-label\">I want to remain anonymous<\/span><\/span><\/span><\/span>\n\t\t\t<\/p>\n\t\t<\/div>\n\t<\/div>\n<\/div>\n<div class=\"form-field-section\">\n\t<h3>2. Choice Of Transport\n\t<\/h3>\n\t<div class=\"row\">\n\t\t<div class=\"col-sm-6\">\n\t\t\t<div class=\"row\">\n\t\t\t\t<div class=\"col-xs-12\">\n\t\t\t\t\t<p><label>Type Of Transport<\/label><br \/>\n<span class=\"wpcf7-form-control-wrap\" data-name=\"menu-transport\"><select class=\"wpcf7-form-control wpcf7-select wpcf7-validates-as-required\" id=\"menu-transport\" aria-required=\"true\" aria-invalid=\"false\" name=\"menu-transport\"><option value=\"Pick up from the store (0\u20ac)\">Pick up from the store (0\u20ac)<\/option><option value=\"Area 1 \u2013 Tartu downtown area (10\u20ac)\">Area 1 \u2013 Tartu downtown area (10\u20ac)<\/option><option value=\"Area 2 \u2013 vicinity of Tartu \u2013 R\u00e4ni, T\u00e4htvere, \u00d5ssu, M\u00e4rja, Lohkva (15\u20ac)\">Area 2 \u2013 vicinity of Tartu \u2013 R\u00e4ni, T\u00e4htvere, \u00d5ssu, M\u00e4rja, Lohkva (15\u20ac)<\/option><option value=\"Area 3 \u2013 further vicinity of Tartu \u2013 Vorbuse, Rahinge, Haage, K\u00f5rvek\u00fcla, Veibri, T\u00f5rvandi, \u00dclenurme (20\u20ac)\">Area 3 \u2013 further vicinity of Tartu \u2013 Vorbuse, Rahinge, Haage, K\u00f5rvek\u00fcla, Veibri, T\u00f5rvandi, \u00dclenurme (20\u20ac)<\/option><option value=\"Outside of area 3, the price depends on the pricelist of Elektritakso. Consult us before ordering.\">Outside of area 3, the price depends on the pricelist of Elektritakso. Consult us before ordering.<\/option><\/select><\/span>\n\t\t\t\t\t<\/p>\n\t\t\t\t<\/div>\n\t\t\t\t<div class=\"col-xs-6\">\n\t\t\t\t\t<p><label>Desired date<\/label><br \/>\n<span class=\"wpcf7-form-control-wrap\" data-name=\"date-kuupaev\"><input class=\"wpcf7-form-control wpcf7-date wpcf7-validates-as-required wpcf7-validates-as-date\" min=\"1997-01-04\" max=\"2027-12-31\" aria-required=\"true\" aria-invalid=\"false\" value=\"\" type=\"date\" name=\"date-kuupaev\" \/><\/span>\n\t\t\t\t\t<\/p>\n\t\t\t\t<\/div>\n\t\t\t\t<div class=\"col-xs-6\">\n\t\t\t\t\t<p><label>Desired time<\/label><br \/>\n<span class=\"wpcf7-form-control-wrap\" data-name=\"timepicker-kellaaeg\"><input size=\"40\" maxlength=\"400\" class=\"wpcf7-form-control wpcf7-text wpcf7-validates-as-required timepicker\" aria-required=\"true\" aria-invalid=\"false\" value=\"\" type=\"text\" name=\"timepicker-kellaaeg\" \/><\/span>\n\t\t\t\t\t<\/p>\n\t\t\t\t<\/div>\n\t\t\t\t<div class=\"col-xs-12 selgitus\">\n\t\t\t\t<\/div>\n\t\t\t<\/div>\n\t\t<\/div>\n\t\t<div class=\"col-sm-6\">\n\t\t\t<div data-id=\"saaja-andmed\" data-orig_data_id=\"saaja-andmed\"  class=\"\" data-class=\"wpcf7cf_group\">\n\t\t\t\t<p><label>Recipient<\/label><br \/>\n<span class=\"wpcf7-form-control-wrap\" data-name=\"text-saajanimi\"><input size=\"40\" maxlength=\"400\" class=\"wpcf7-form-control wpcf7-text wpcf7-validates-as-required\" aria-required=\"true\" aria-invalid=\"false\" value=\"\" type=\"text\" name=\"text-saajanimi\" \/><\/span>\n\t\t\t\t<\/p>\n\t\t\t\t<p><label>Recipient's address<\/label><br \/>\n<span class=\"wpcf7-form-control-wrap\" data-name=\"text-saajaaadress\"><input size=\"40\" maxlength=\"400\" class=\"wpcf7-form-control wpcf7-text wpcf7-validates-as-required\" aria-required=\"true\" aria-invalid=\"false\" value=\"\" type=\"text\" name=\"text-saajaaadress\" \/><\/span>\n\t\t\t\t<\/p>\n\t\t\t\t<p><label>Recipient's telephone<\/label><br \/>\n<span class=\"wpcf7-form-control-wrap\" data-name=\"tel-saajateleon\"><input size=\"40\" maxlength=\"400\" class=\"wpcf7-form-control wpcf7-tel wpcf7-validates-as-required wpcf7-text wpcf7-validates-as-tel\" aria-required=\"true\" aria-invalid=\"false\" value=\"\" type=\"tel\" name=\"tel-saajateleon\" \/><\/span>\n\t\t\t\t<\/p>\n\t\t\t<\/div>\n\t\t<\/div>\n\t<\/div>\n<\/div>\n<div class=\"form-field-section\">\n\t<h3>3. Personal Message and Additional Information\n\t<\/h3>\n\t<p><span class=\"wpcf7-form-control-wrap\" data-name=\"checkbox-onnitluskaart\"><span class=\"wpcf7-form-control wpcf7-checkbox inside\" id=\"checkbox-onnitluskaart\"><span class=\"wpcf7-list-item first last\"><input type=\"checkbox\" name=\"checkbox-onnitluskaart[]\" value=\"Personal Message (5\u20ac)\" \/><span class=\"wpcf7-list-item-label\">Personal Message (5\u20ac)<\/span><\/span><\/span><\/span>\n\t<\/p>\n\t<div data-id=\"message\" data-orig_data_id=\"message\"  class=\"\" data-class=\"wpcf7cf_group\">\n\t\t<p><label>Message<\/label><br \/>\n<span class=\"wpcf7-form-control-wrap\" data-name=\"textarea-kaarditekst\"><textarea cols=\"40\" rows=\"10\" maxlength=\"2000\" class=\"wpcf7-form-control wpcf7-textarea\" aria-invalid=\"false\" placeholder=\"In case of a personal message, please write the short text in here.\" name=\"textarea-kaarditekst\"><\/textarea><\/span>\n\t\t<\/p>\n\t<\/div>\n\t<p><label>Additonal information<\/label><br \/>\n<span class=\"wpcf7-form-control-wrap\" data-name=\"textarea-lisainfo\"><textarea cols=\"40\" rows=\"10\" maxlength=\"2000\" class=\"wpcf7-form-control wpcf7-textarea\" aria-invalid=\"false\" placeholder=\"If you want to specify something about the bouquet, do it here (for example, the desired variety, colour, etc. of flowers; or if you know flowers that are not part of the recipient&#039;s favorites).\" name=\"textarea-lisainfo\"><\/textarea><\/span><br \/>\n<strong>NB! In case of courier service, we ALWAYS call the customer in advance to make sure that he\/she is at home and can receive the bundle! If you want to make a SURPRISE and do not want us to call the recipient of the bouquet, please WRITE THIS HERE! In this case, you need to be 100% sure that the bundled recipient is at HOME at the time you specify!<br \/>\n<\/strong>\n\t<\/p>\n<\/div>\n<div class=\"form-field-section\">\n\t<h3>4. Terms Of Sale\n\t<\/h3>\n\t<p><label for=\"ostutingimused\" class=\"inside\">I have read and agree to <a href=\"https:\/\/liisulilled.ee\/en\/ostutingimused\/\" target=\"_blank\">Terms Of Sale and Privacy Policy<\/a><\/label><br \/>\n<span class=\"wpcf7-form-control-wrap\" data-name=\"ostutingimused\"><span class=\"wpcf7-form-control wpcf7-acceptance\"><span class=\"wpcf7-list-item\"><input type=\"checkbox\" name=\"ostutingimused\" value=\"1\" class=\"inside filled-in\" id=\"ostutingimused\" aria-invalid=\"false\" \/><\/span><\/span><\/span>\n\t<\/p>\n<\/div>\n<div class=\"form-field-end\">\n\t<p><span id=\"wpcf7-6a05accca0bfd-wrapper\" class=\"wpcf7-form-control-wrap email-address-wrap\" style=\"display:none !important; visibility:hidden !important;\"><label for=\"wpcf7-6a05accca0bfd-field\" class=\"hp-message\">Please leave this field empty.<\/label><input id=\"wpcf7-6a05accca0bfd-field\"  class=\"wpcf7-form-control wpcf7-text\" type=\"text\" name=\"email-address\" value=\"\" size=\"40\" tabindex=\"-1\" autocomplete=\"new-password\" \/><\/span>\n\t<\/p>\n\t<div class=\"form-total-sum\">\n\t\t<p>Total Sum: <span>80<\/span> \u20ac\n\t\t<\/p>\n\t<\/div>\n\t<ul class=\"form-payment-methods\">\n<li class=\"payment-method-citadele\"><button class=\"bank-change\" data-value=\"CITADELE_EE_PIS\" type=\"button\">Citadele<\/button><\/li><li class=\"payment-method-swedbank\"><button class=\"bank-change\" data-value=\"SWEDBANK_EE_PIS\" type=\"button\">Swedbank<\/button><\/li><li class=\"payment-method-seb\"><button class=\"bank-change\" data-value=\"SEB_EE_PIS\" type=\"button\">SEB<\/button><\/li><li class=\"payment-method-lhv\"><button class=\"bank-change\" data-value=\"LHV_EE_PIS\" type=\"button\">LHV<\/button><\/li><li class=\"payment-method-luminor\"><button class=\"bank-change\" data-value=\"LUMINOR_EE_PIS\" type=\"button\">Luminor<\/button><\/li><li class=\"payment-method-coop pank\"><button class=\"bank-change\" data-value=\"COOP_PANK_EE_PIS\" type=\"button\">Coop Pank<\/button><\/li><li class=\"payment-method-revolut\"><button class=\"bank-change\" data-value=\"REVOLUT_PIS\" type=\"button\">Revolut<\/button><\/li><li class=\"payment-method-paysera\"><button class=\"bank-change\" data-value=\"PAYSERA_EE_PIS\" type=\"button\">Paysera<\/button><\/li>\n\t\t<li class=\"payment-method-esto-stripe\">\n\t\t\t<p><button class=\"bank-change\" data-value=\"STRIPE_CARD\" type=\"button\">Card payment<img decoding=\"async\" class=\"esto-stripe_image\" src=\"https:\/\/liisulilled.ee\/wp-content\/uploads\/2024\/04\/stripe-checkout-logos-1-1-1.png\" \/><\/button>\n\t\t\t<\/p>\n\t\t<\/li>\n\t\t<li class=\"payment-method-fake\">\n\t\t<\/li>\n\t\t<li class=\"payment-method-esto\">\n\t\t\t<p><button class=\"bank-change\" data-value=\"ESTO_HIRE_PURCHASE_LOAN\" type=\"button\"><img decoding=\"async\" alt=\"Esto Pay Later\" class=\"esto_image\" src=\"https:\/\/liisulilled.ee\/wp-content\/uploads\/2023\/09\/ESTO_REGULAR.png\" \/><\/button>\n\t\t\t<\/p>\n\t\t<\/li>\n\t\t<li class=\"payment-method-esto\">\n\t\t\t<p><button class=\"bank-change\" data-value=\"ESTO_ESTO_X_LOAN\" type=\"button\"><img decoding=\"async\" alt=\"Esto 3\" class=\"esto_image\" src=\"https:\/\/liisulilled.ee\/wp-content\/uploads\/2023\/09\/ESTO_3.png\" \/><\/button>\n\t\t\t<\/p>\n\t\t<\/li>\n\t\t<li class=\"payment-method-esto\">\n\t\t\t<p><button class=\"bank-change\" data-value=\"ESTO_PAY_LATER_LOAN\" type=\"button\"><img decoding=\"async\" alt=\"Esto Pay later\" class=\"esto_image\" src=\"https:\/\/liisulilled.ee\/wp-content\/uploads\/2024\/04\/ESTO_bnpl_EE.png\" \/><\/button>\n\t\t\t<\/p>\n\t\t<\/li>\n\t<\/ul>\n<span class=\"wpcf7-form-control-wrap selected-bank\" data-name=\"selected-bank\"><input type=\"hidden\" name=\"selected-bank\" id=\"selected-bank\" class=\"wpcf7-form-control wpcf7-hidden wpcf7dtx wpcf7dtx-hidden\" aria-invalid=\"false\"><\/span>\n\t<p><button class=\"btn btn-primary\" type=\"submit\">Checkout<\/button>\n\t<\/p>\n<\/div><div class=\"wpcf7-response-output\" aria-hidden=\"true\"><\/div>\n<\/form>\n<\/div>\n\n","protected":false},"excerpt":{"rendered":"<p style=\"text-align: center;\">Trust our wonderful Florists and order from here!<\/p>\n<p><a class=\"btn btn-primary btn-sm\" href=\"https:\/\/liisulilled.ee\/en\/tellimine\/\">View details<\/a><\/p>\n","protected":false},"author":1,"featured_media":0,"parent":0,"menu_order":40,"comment_status":"closed","ping_status":"closed","template":"page-templates\/tpl-delivery.php","meta":{"_acf_changed":false,"footnotes":""},"class_list":["post-4098","page","type-page","status-publish","hentry"],"acf":[],"yoast_head":"<!-- This site is optimized with the Yoast SEO plugin v27.5 - https:\/\/yoast.com\/product\/yoast-seo-wordpress\/ -->\n<title>Ordering &#8211; Liisu Lilled<\/title>\n<meta name=\"robots\" content=\"index, follow, max-snippet:-1, max-image-preview:large, max-video-preview:-1\" \/>\n<link rel=\"canonical\" href=\"https:\/\/liisulilled.ee\/en\/tellimine\/\" \/>\n<meta property=\"og:locale\" content=\"en_US\" \/>\n<meta property=\"og:type\" content=\"article\" \/>\n<meta property=\"og:title\" content=\"Ordering &#8211; Liisu Lilled\" \/>\n<meta property=\"og:description\" content=\"Trust our wonderful Florists and order from here! View details\" \/>\n<meta property=\"og:url\" content=\"https:\/\/liisulilled.ee\/en\/tellimine\/\" \/>\n<meta property=\"og:site_name\" content=\"Liisu Lilled\" \/>\n<meta property=\"article:modified_time\" content=\"2020-06-08T12:52:54+00:00\" \/>\n<meta name=\"twitter:card\" content=\"summary_large_image\" \/>\n<script type=\"application\/ld+json\" class=\"yoast-schema-graph\">{\"@context\":\"https:\\\/\\\/schema.org\",\"@graph\":[{\"@type\":\"WebPage\",\"@id\":\"https:\\\/\\\/liisulilled.ee\\\/en\\\/tellimine\\\/\",\"url\":\"https:\\\/\\\/liisulilled.ee\\\/en\\\/tellimine\\\/\",\"name\":\"Ordering &#8211; Liisu Lilled\",\"isPartOf\":{\"@id\":\"https:\\\/\\\/liisulilled.ee\\\/#website\"},\"datePublished\":\"2018-01-31T14:24:12+00:00\",\"dateModified\":\"2020-06-08T12:52:54+00:00\",\"breadcrumb\":{\"@id\":\"https:\\\/\\\/liisulilled.ee\\\/en\\\/tellimine\\\/#breadcrumb\"},\"inLanguage\":\"en-US\",\"potentialAction\":[{\"@type\":\"ReadAction\",\"target\":[\"https:\\\/\\\/liisulilled.ee\\\/en\\\/tellimine\\\/\"]}]},{\"@type\":\"BreadcrumbList\",\"@id\":\"https:\\\/\\\/liisulilled.ee\\\/en\\\/tellimine\\\/#breadcrumb\",\"itemListElement\":[{\"@type\":\"ListItem\",\"position\":1,\"name\":\"Home\",\"item\":\"https:\\\/\\\/liisulilled.ee\\\/en\\\/\"},{\"@type\":\"ListItem\",\"position\":2,\"name\":\"Ordering\"}]},{\"@type\":\"WebSite\",\"@id\":\"https:\\\/\\\/liisulilled.ee\\\/#website\",\"url\":\"https:\\\/\\\/liisulilled.ee\\\/\",\"name\":\"Liisu Lilled\",\"description\":\"Tartu linna suurim ja parim valik l\u00f5ikelilli, kimpe ja seadeid \u2013 kohtume Liisu Lilledes!\",\"potentialAction\":[{\"@type\":\"SearchAction\",\"target\":{\"@type\":\"EntryPoint\",\"urlTemplate\":\"https:\\\/\\\/liisulilled.ee\\\/?s={search_term_string}\"},\"query-input\":{\"@type\":\"PropertyValueSpecification\",\"valueRequired\":true,\"valueName\":\"search_term_string\"}}],\"inLanguage\":\"en-US\"}]}<\/script>\n<!-- \/ Yoast SEO plugin. -->","yoast_head_json":{"title":"Ordering &#8211; Liisu Lilled","robots":{"index":"index","follow":"follow","max-snippet":"max-snippet:-1","max-image-preview":"max-image-preview:large","max-video-preview":"max-video-preview:-1"},"canonical":"https:\/\/liisulilled.ee\/en\/tellimine\/","og_locale":"en_US","og_type":"article","og_title":"Ordering &#8211; Liisu Lilled","og_description":"Trust our wonderful Florists and order from here! View details","og_url":"https:\/\/liisulilled.ee\/en\/tellimine\/","og_site_name":"Liisu Lilled","article_modified_time":"2020-06-08T12:52:54+00:00","twitter_card":"summary_large_image","schema":{"@context":"https:\/\/schema.org","@graph":[{"@type":"WebPage","@id":"https:\/\/liisulilled.ee\/en\/tellimine\/","url":"https:\/\/liisulilled.ee\/en\/tellimine\/","name":"Ordering &#8211; Liisu Lilled","isPartOf":{"@id":"https:\/\/liisulilled.ee\/#website"},"datePublished":"2018-01-31T14:24:12+00:00","dateModified":"2020-06-08T12:52:54+00:00","breadcrumb":{"@id":"https:\/\/liisulilled.ee\/en\/tellimine\/#breadcrumb"},"inLanguage":"en-US","potentialAction":[{"@type":"ReadAction","target":["https:\/\/liisulilled.ee\/en\/tellimine\/"]}]},{"@type":"BreadcrumbList","@id":"https:\/\/liisulilled.ee\/en\/tellimine\/#breadcrumb","itemListElement":[{"@type":"ListItem","position":1,"name":"Home","item":"https:\/\/liisulilled.ee\/en\/"},{"@type":"ListItem","position":2,"name":"Ordering"}]},{"@type":"WebSite","@id":"https:\/\/liisulilled.ee\/#website","url":"https:\/\/liisulilled.ee\/","name":"Liisu Lilled","description":"Tartu linna suurim ja parim valik l\u00f5ikelilli, kimpe ja seadeid \u2013 kohtume Liisu Lilledes!","potentialAction":[{"@type":"SearchAction","target":{"@type":"EntryPoint","urlTemplate":"https:\/\/liisulilled.ee\/?s={search_term_string}"},"query-input":{"@type":"PropertyValueSpecification","valueRequired":true,"valueName":"search_term_string"}}],"inLanguage":"en-US"}]}},"_links":{"self":[{"href":"https:\/\/liisulilled.ee\/en\/wp-json\/wp\/v2\/pages\/4098","targetHints":{"allow":["GET"]}}],"collection":[{"href":"https:\/\/liisulilled.ee\/en\/wp-json\/wp\/v2\/pages"}],"about":[{"href":"https:\/\/liisulilled.ee\/en\/wp-json\/wp\/v2\/types\/page"}],"author":[{"embeddable":true,"href":"https:\/\/liisulilled.ee\/en\/wp-json\/wp\/v2\/users\/1"}],"replies":[{"embeddable":true,"href":"https:\/\/liisulilled.ee\/en\/wp-json\/wp\/v2\/comments?post=4098"}],"version-history":[{"count":5,"href":"https:\/\/liisulilled.ee\/en\/wp-json\/wp\/v2\/pages\/4098\/revisions"}],"predecessor-version":[{"id":4254,"href":"https:\/\/liisulilled.ee\/en\/wp-json\/wp\/v2\/pages\/4098\/revisions\/4254"}],"wp:attachment":[{"href":"https:\/\/liisulilled.ee\/en\/wp-json\/wp\/v2\/media?parent=4098"}],"curies":[{"name":"wp","href":"https:\/\/api.w.org\/{rel}","templated":true}]}}